{"id":22,"date":"2024-10-22T10:02:10","date_gmt":"2024-10-22T10:02:10","guid":{"rendered":"https:\/\/ledarhundsklubben.se\/?page_id=22"},"modified":"2026-04-12T14:52:13","modified_gmt":"2026-04-12T14:52:13","slug":"styrelsen","status":"publish","type":"page","link":"https:\/\/ledarhundsklubben.se\/?page_id=22","title":{"rendered":"Styrelsen"},"content":{"rendered":"\n<p><strong>Ordf\u00f6rande:<\/strong><br>Vivann Emanuelsson<br>viviann@ledarhundsklubben.se <\/p>\n\n\n\n<p><strong>Vice ordf\u00f6rande:<\/strong><br>Carin S\u00f6derlund<br>carin@ledarhundsklubben.se<\/p>\n\n\n\n<p><strong>Sekreterare:<\/strong><br>Ingela Sj\u00f6qvist<br>ingela@ledarhundsklubben.se<\/p>\n\n\n\n<p><strong>Ekonomiansvarig:<\/strong><br>Joachim K\u00e5hlman<br>joachim@ledarhundsklubben.se<\/p>\n\n\n\n<p><strong>\u00d6vriga ledam\u00f6ter:<\/strong><\/p>\n\n\n\n<p>Jimmy Pettersson<br>jimmy@ledarhundsklubben.se<\/p>\n\n\n\n<p>Daniela K\u00e5hlman<br>daniela@ledarhundsklubben.se<\/p>\n\n\n\n<p>Morgan H\u00f6gberg<br>morgan@ledarhundsklubben.se<\/p>\n","protected":false},"excerpt":{"rendered":"<p>Ordf\u00f6rande:Vivann Emanuelssonviviann@ledarhundsklubben.se Vice ordf\u00f6rande:Carin S\u00f6derlundcarin@ledarhundsklubben.se Sekreterare:Ingela Sj\u00f6qvistingela@ledarhundsklubben.se Ekonomiansvarig:Joachim K\u00e5hlmanjoachim@ledarhundsklubben.se \u00d6vriga ledam\u00f6ter: Jimmy Petterssonjimmy@ledarhundsklubben.se Daniela K\u00e5hlmandaniela@ledarhundsklubben.se Morgan H\u00f6gbergmorgan@ledarhundsklubben.se<\/p>\n","protected":false},"author":1,"featured_media":0,"parent":0,"menu_order":0,"comment_status":"closed","ping_status":"closed","template":"","meta":{"footnotes":""},"class_list":["post-22","page","type-page","status-publish","hentry"],"_links":{"self":[{"href":"https:\/\/ledarhundsklubben.se\/index.php?rest_route=\/wp\/v2\/pages\/22","targetHints":{"allow":["GET"]}}],"collection":[{"href":"https:\/\/ledarhundsklubben.se\/index.php?rest_route=\/wp\/v2\/pages"}],"about":[{"href":"https:\/\/ledarhundsklubben.se\/index.php?rest_route=\/wp\/v2\/types\/page"}],"author":[{"embeddable":true,"href":"https:\/\/ledarhundsklubben.se\/index.php?rest_route=\/wp\/v2\/users\/1"}],"replies":[{"embeddable":true,"href":"https:\/\/ledarhundsklubben.se\/index.php?rest_route=%2Fwp%2Fv2%2Fcomments&post=22"}],"version-history":[{"count":3,"href":"https:\/\/ledarhundsklubben.se\/index.php?rest_route=\/wp\/v2\/pages\/22\/revisions"}],"predecessor-version":[{"id":26,"href":"https:\/\/ledarhundsklubben.se\/index.php?rest_route=\/wp\/v2\/pages\/22\/revisions\/26"}],"wp:attachment":[{"href":"https:\/\/ledarhundsklubben.se\/index.php?rest_route=%2Fwp%2Fv2%2Fmedia&parent=22"}],"curies":[{"name":"wp","href":"https:\/\/api.w.org\/{rel}","templated":true}]}}