{"id":12,"date":"2024-10-22T09:50:48","date_gmt":"2024-10-22T09:50:48","guid":{"rendered":"https:\/\/ledarhundsklubben.se\/?page_id=12"},"modified":"2026-04-29T06:26:38","modified_gmt":"2026-04-29T06:26:38","slug":"valkommen","status":"publish","type":"page","link":"https:\/\/ledarhundsklubben.se\/","title":{"rendered":"V\u00e4lkommen till Ledarhundsklubben"},"content":{"rendered":"\n<p>Ledarhundsklubben Stockholm och Gotlands l\u00e4n \u00e4r en ideell f\u00f6rening som arrangerar aktiviteter f\u00f6r synskadade med ledarhund. Vi organiserar ledarhundsf\u00f6rare boende i Stockholmsregionen och p\u00e5 Gotland. <\/p>\n\n\n\n<p><strong>Ledarhundens dag<\/strong><br>Den sista onsdagen i april varje \u00e5r firas den internationella ledarhundsdagen. I \u00e5r infaller den allts\u00e5 den 29 april. Vi i Ledarhundsklubben vill uppm\u00e4rksamma detta med tv\u00e5 filmer om hur det \u00e4r att ha ledarhund.<\/p>\n\n\n\n<figure class=\"wp-block-embed is-type-video is-provider-youtube wp-block-embed-youtube wp-embed-aspect-16-9 wp-has-aspect-ratio\"><div class=\"wp-block-embed__wrapper\">\n<iframe loading=\"lazy\" title=\"Daniela om livet med ledarhund\" width=\"500\" height=\"281\" src=\"https:\/\/www.youtube.com\/embed\/uwuTQkF2cLo?feature=oembed\" frameborder=\"0\" allow=\"accelerometer; autoplay; clipboard-write; encrypted-media; gyroscope; picture-in-picture; web-share\" referrerpolicy=\"strict-origin-when-cross-origin\" allowfullscreen><\/iframe>\n<\/div><\/figure>\n\n\n\n<figure class=\"wp-block-embed is-type-video is-provider-youtube wp-block-embed-youtube wp-embed-aspect-16-9 wp-has-aspect-ratio\"><div class=\"wp-block-embed__wrapper\">\n<iframe loading=\"lazy\" title=\"Carin om livet med ledarhund\" width=\"500\" height=\"281\" src=\"https:\/\/www.youtube.com\/embed\/ZkG-CJmVsYQ?feature=oembed\" frameborder=\"0\" allow=\"accelerometer; autoplay; clipboard-write; encrypted-media; gyroscope; picture-in-picture; web-share\" referrerpolicy=\"strict-origin-when-cross-origin\" allowfullscreen><\/iframe>\n<\/div><\/figure>\n\n\n\n<p>V\u00e5r hemsida \u00e4r under uppbyggnad. Du hittar aktuell information om v\u00e5r verksamhet p\u00e5 <a href=\"https:\/\/www.facebook.com\/ledarhundsklubben\">v\u00e5r Facebook-sida<\/a>.<\/p>\n","protected":false},"excerpt":{"rendered":"<p>Ledarhundsklubben Stockholm och Gotlands l\u00e4n \u00e4r en ideell f\u00f6rening som arrangerar aktiviteter f\u00f6r synskadade med ledarhund. Vi organiserar ledarhundsf\u00f6rare boende i Stockholmsregionen och p\u00e5 Gotland. Ledarhundens dagDen sista onsdagen i april varje \u00e5r firas den internationella ledarhundsdagen. I \u00e5r infaller den allts\u00e5 den 29 april. Vi i Ledarhundsklubben vill uppm\u00e4rksamma detta med tv\u00e5 filmer om [&hellip;]<\/p>\n","protected":false},"author":1,"featured_media":0,"parent":0,"menu_order":0,"comment_status":"closed","ping_status":"closed","template":"","meta":{"footnotes":""},"class_list":["post-12","page","type-page","status-publish","hentry"],"_links":{"self":[{"href":"https:\/\/ledarhundsklubben.se\/index.php?rest_route=\/wp\/v2\/pages\/12","targetHints":{"allow":["GET"]}}],"collection":[{"href":"https:\/\/ledarhundsklubben.se\/index.php?rest_route=\/wp\/v2\/pages"}],"about":[{"href":"https:\/\/ledarhundsklubben.se\/index.php?rest_route=\/wp\/v2\/types\/page"}],"author":[{"embeddable":true,"href":"https:\/\/ledarhundsklubben.se\/index.php?rest_route=\/wp\/v2\/users\/1"}],"replies":[{"embeddable":true,"href":"https:\/\/ledarhundsklubben.se\/index.php?rest_route=%2Fwp%2Fv2%2Fcomments&post=12"}],"version-history":[{"count":6,"href":"https:\/\/ledarhundsklubben.se\/index.php?rest_route=\/wp\/v2\/pages\/12\/revisions"}],"predecessor-version":[{"id":29,"href":"https:\/\/ledarhundsklubben.se\/index.php?rest_route=\/wp\/v2\/pages\/12\/revisions\/29"}],"wp:attachment":[{"href":"https:\/\/ledarhundsklubben.se\/index.php?rest_route=%2Fwp%2Fv2%2Fmedia&parent=12"}],"curies":[{"name":"wp","href":"https:\/\/api.w.org\/{rel}","templated":true}]}}